
{"id":69,"date":"2017-11-28T13:55:18","date_gmt":"2017-11-28T12:55:18","guid":{"rendered":"http:\/\/durants.eu\/?page_id=69"},"modified":"2017-11-28T13:55:18","modified_gmt":"2017-11-28T12:55:18","slug":"nous-achetons","status":"publish","type":"page","link":"https:\/\/www.durants.eu\/index.php\/nous-achetons\/","title":{"rendered":"Nous achetons"},"content":{"rendered":"<p><span style=\"color: #000000;\">Vous avez une machine a vendre, envoyez nous une br\u00e8ve description, nous vous recontacterons :<br \/>\n<\/span><\/p>\n<div role=\"form\" class=\"wpcf7\" id=\"wpcf7-f71-o1\" lang=\"fr-FR\" dir=\"ltr\">\n<div class=\"screen-reader-response\"><\/div>\n<form action=\"\/index.php\/wp-json\/wp\/v2\/pages\/69#wpcf7-f71-o1\" method=\"post\" class=\"wpcf7-form\" enctype=\"multipart\/form-data\" novalidate=\"novalidate\">\n<div style=\"display: none;\">\n<input type=\"hidden\" name=\"_wpcf7\" value=\"71\" \/>\n<input type=\"hidden\" name=\"_wpcf7_version\" value=\"4.9.1\" \/>\n<input type=\"hidden\" name=\"_wpcf7_locale\" value=\"fr_FR\" \/>\n<input type=\"hidden\" name=\"_wpcf7_unit_tag\" value=\"wpcf7-f71-o1\" \/>\n<input type=\"hidden\" name=\"_wpcf7_container_post\" value=\"0\" \/>\n<\/div>\n<p><label> Votre nom (obligatoire)<br \/>\n    <span class=\"wpcf7-form-control-wrap your-name\"><input type=\"text\" name=\"your-name\" value=\"\" size=\"40\" class=\"wpcf7-form-control wpcf7-text wpcf7-validates-as-required\" aria-required=\"true\" aria-invalid=\"false\" \/><\/span> <\/label><\/p>\n<p><label> Votre pr\u00e9nom (obligatoire)<br \/>\n    <span class=\"wpcf7-form-control-wrap your-surname\"><input type=\"text\" name=\"your-surname\" value=\"\" size=\"40\" class=\"wpcf7-form-control wpcf7-text wpcf7-validates-as-required\" aria-required=\"true\" aria-invalid=\"false\" \/><\/span> <\/label><\/p>\n<p><label> Votre Soci\u00e9t\u00e9 (obligatoire)<br \/>\n    <span class=\"wpcf7-form-control-wrap your-company\"><input type=\"text\" name=\"your-company\" value=\"\" size=\"40\" class=\"wpcf7-form-control wpcf7-text wpcf7-validates-as-required\" aria-required=\"true\" aria-invalid=\"false\" \/><\/span> <\/label><\/p>\n<p><label> Votre adresse (obligatoire)<br \/>\n    <span class=\"wpcf7-form-control-wrap your-address\"><input type=\"text\" name=\"your-address\" value=\"\" size=\"40\" class=\"wpcf7-form-control wpcf7-text wpcf7-validates-as-required\" aria-required=\"true\" aria-invalid=\"false\" \/><\/span> <\/label><\/p>\n<p><label> Code postal (obligatoire)<br \/>\n    <span class=\"wpcf7-form-control-wrap your-postal\"><input type=\"text\" name=\"your-postal\" value=\"\" size=\"40\" class=\"wpcf7-form-control wpcf7-text wpcf7-validates-as-required\" aria-required=\"true\" aria-invalid=\"false\" \/><\/span> <\/label> <\/p>\n<p><label> Ville (obligatoire)<br \/>\n    <span class=\"wpcf7-form-control-wrap your-town\"><input type=\"text\" name=\"your-town\" value=\"\" size=\"40\" class=\"wpcf7-form-control wpcf7-text wpcf7-validates-as-required\" aria-required=\"true\" aria-invalid=\"false\" \/><\/span> <\/label><\/p>\n<p><label> Pays (obligatoire)<br \/>\n    <span class=\"wpcf7-form-control-wrap your-country\"><input type=\"text\" name=\"your-country\" value=\"\" size=\"40\" class=\"wpcf7-form-control wpcf7-text wpcf7-validates-as-required\" aria-required=\"true\" aria-invalid=\"false\" \/><\/span> <\/label><\/p>\n<p><label> T\u00e9l\u00e9phone (obligatoire)<br \/>\n    <span class=\"wpcf7-form-control-wrap your-phone\"><input type=\"text\" name=\"your-phone\" value=\"\" size=\"40\" class=\"wpcf7-form-control wpcf7-text wpcf7-validates-as-required\" aria-required=\"true\" aria-invalid=\"false\" \/><\/span> <\/label><\/p>\n<p><label> Votre adresse de messagerie (obligatoire)<br \/>\n    <span class=\"wpcf7-form-control-wrap your-email\"><input type=\"email\" name=\"your-email\" value=\"\" size=\"40\" class=\"wpcf7-form-control wpcf7-text wpcf7-email wpcf7-validates-as-required wpcf7-validates-as-email\" aria-required=\"true\" aria-invalid=\"false\" \/><\/span> <\/label><\/p>\n<p>Description de la machine :<\/p>\n<p><label> Marque<br \/>\n    <span class=\"wpcf7-form-control-wrap your-brand\"><input type=\"text\" name=\"your-brand\" value=\"\" size=\"40\" class=\"wpcf7-form-control wpcf7-text\" aria-invalid=\"false\" \/><\/span> <\/label><\/p>\n<p><label> Type<br \/>\n    <span class=\"wpcf7-form-control-wrap your-type\"><input type=\"text\" name=\"your-type\" value=\"\" size=\"40\" class=\"wpcf7-form-control wpcf7-text\" aria-invalid=\"false\" \/><\/span> <\/label><\/p>\n<p><label> Capacit\u00e9<br \/>\n    <span class=\"wpcf7-form-control-wrap your-capacity\"><input type=\"text\" name=\"your-capacity\" value=\"\" size=\"40\" class=\"wpcf7-form-control wpcf7-text\" aria-invalid=\"false\" \/><\/span> <\/label><\/p>\n<p><label> Ann\u00e9e<br \/>\n    <span class=\"wpcf7-form-control-wrap your-year\"><input type=\"text\" name=\"your-year\" value=\"\" size=\"40\" class=\"wpcf7-form-control wpcf7-text\" aria-invalid=\"false\" \/><\/span> <\/label><\/p>\n<p><label> Commentaires<br \/>\n    <span class=\"wpcf7-form-control-wrap your-comments\"><textarea name=\"your-comments\" cols=\"40\" rows=\"10\" class=\"wpcf7-form-control wpcf7-textarea\" aria-invalid=\"false\"><\/textarea><\/span> <\/label><\/p>\n<p><label> Ins\u00e9rez un fichier<br \/>\n    <span class=\"wpcf7-form-control-wrap Insererunfichier\"><input type=\"file\" name=\"Insererunfichier\" size=\"40\" class=\"wpcf7-form-control wpcf7-file\" aria-invalid=\"false\" \/><\/span> <\/label><\/p>\n<p><input type=\"submit\" value=\"Envoyer\" class=\"wpcf7-form-control wpcf7-submit\" \/><\/p>\n<div class=\"wpcf7-response-output wpcf7-display-none\"><\/div><\/form><\/div>\n<p>&nbsp;<\/p>\n","protected":false},"excerpt":{"rendered":"<p>Vous avez une machine a vendre, envoyez nous une br\u00e8ve description, nous vous recontacterons : &nbsp;<\/p>\n","protected":false},"author":1,"featured_media":0,"parent":0,"menu_order":0,"comment_status":"closed","ping_status":"closed","template":"","meta":{"_monsterinsights_skip_tracking":false,"_monsterinsights_sitenote_active":false,"_monsterinsights_sitenote_note":"","_monsterinsights_sitenote_category":0,"spay_email":""},"jetpack_sharing_enabled":true,"jetpack_shortlink":"https:\/\/wp.me\/P9qk0U-17","jetpack_likes_enabled":true,"jetpack-related-posts":[{"id":135,"url":"https:\/\/www.durants.eu\/index.php\/a-propos-2\/","url_meta":{"origin":69,"position":0},"title":"A propos","date":"28\/11\/2017","format":false,"excerpt":"Notre soci\u00e9t\u00e9 est sp\u00e9cialis\u00e9e dans l\u2019import export de machines de g\u00e9nie civil et principalement dirig\u00e9e vers le march\u00e9 des grues t\u00e9lescopiques sur chenilles, des chariots t\u00e9lescopiques rotatifs, des tracteurs avec grues arri\u00e8res, cabines et des portes-engins. Notre savoir-faire Notre s\u00e9lection de machines s'effectue dans les moindres d\u00e9tails afin d\u2019assurer un\u2026","rel":"","context":"Article similaire","img":{"alt_text":"","src":"","width":0,"height":0},"classes":[]},{"id":234,"url":"https:\/\/www.durants.eu\/index.php\/offres-demploi\/","url_meta":{"origin":69,"position":1},"title":"Offres d'emploi","date":"01\/12\/2017","format":false,"excerpt":"Nous recherchons : http:\/\/www.durants.eu\/index.php\/2017\/12\/01\/conducteur-dengins\/ http:\/\/www.durants.eu\/index.php\/2017\/12\/01\/mecanicien-en-camion-et-genie-civil\/","rel":"","context":"Article similaire","img":{"alt_text":"","src":"","width":0,"height":0},"classes":[]}],"_links":{"self":[{"href":"https:\/\/www.durants.eu\/index.php\/wp-json\/wp\/v2\/pages\/69"}],"collection":[{"href":"https:\/\/www.durants.eu\/index.php\/wp-json\/wp\/v2\/pages"}],"about":[{"href":"https:\/\/www.durants.eu\/index.php\/wp-json\/wp\/v2\/types\/page"}],"author":[{"embeddable":true,"href":"https:\/\/www.durants.eu\/index.php\/wp-json\/wp\/v2\/users\/1"}],"replies":[{"embeddable":true,"href":"https:\/\/www.durants.eu\/index.php\/wp-json\/wp\/v2\/comments?post=69"}],"version-history":[{"count":2,"href":"https:\/\/www.durants.eu\/index.php\/wp-json\/wp\/v2\/pages\/69\/revisions"}],"predecessor-version":[{"id":72,"href":"https:\/\/www.durants.eu\/index.php\/wp-json\/wp\/v2\/pages\/69\/revisions\/72"}],"wp:attachment":[{"href":"https:\/\/www.durants.eu\/index.php\/wp-json\/wp\/v2\/media?parent=69"}],"curies":[{"name":"wp","href":"https:\/\/api.w.org\/{rel}","templated":true}]}}