
{"id":49,"date":"2017-11-28T12:06:38","date_gmt":"2017-11-28T11:06:38","guid":{"rendered":"http:\/\/durants.eu\/?page_id=49"},"modified":"2017-12-15T10:22:51","modified_gmt":"2017-12-15T09:22:51","slug":"nos-machines","status":"publish","type":"page","link":"https:\/\/www.durants.eu\/index.php\/nos-machines\/","title":{"rendered":"Nos machines"},"content":{"rendered":"<p>Retrouvez toutes nos machines sur cette page !<\/p>\n<blockquote class=\"wp-embedded-content\" data-secret=\"z2rLcKBfGr\"><p><a href=\"http:\/\/www.durants.eu\/index.php\/2017\/11\/28\/merlo-roto-30-16-ev\/\">Merlo Roto 30.16 EV<\/a><\/p><\/blockquote>\n<p><iframe class=\"wp-embedded-content\" sandbox=\"allow-scripts\" security=\"restricted\" style=\"position: absolute; clip: rect(1px, 1px, 1px, 1px);\" src=\"http:\/\/www.durants.eu\/index.php\/2017\/11\/28\/merlo-roto-30-16-ev\/embed\/#?secret=z2rLcKBfGr\" data-secret=\"z2rLcKBfGr\" width=\"600\" height=\"338\" title=\"\u00ab\u00a0Merlo Roto 30.16 EV\u00a0\u00bb &#8212; \" frameborder=\"0\" marginwidth=\"0\" marginheight=\"0\" scrolling=\"no\"><\/iframe><\/p>\n<blockquote class=\"wp-embedded-content\" data-secret=\"90JHnqqKqr\"><p><a href=\"http:\/\/www.durants.eu\/index.php\/2017\/11\/28\/merlo-roto-45-21ksc\/\">Merlo Roto 45.21KSC<\/a><\/p><\/blockquote>\n<p><iframe class=\"wp-embedded-content\" sandbox=\"allow-scripts\" security=\"restricted\" style=\"position: absolute; clip: rect(1px, 1px, 1px, 1px);\" src=\"http:\/\/www.durants.eu\/index.php\/2017\/11\/28\/merlo-roto-45-21ksc\/embed\/#?secret=90JHnqqKqr\" data-secret=\"90JHnqqKqr\" width=\"600\" height=\"338\" title=\"\u00ab\u00a0Merlo Roto 45.21KSC\u00a0\u00bb &#8212; \" frameborder=\"0\" marginwidth=\"0\" marginheight=\"0\" scrolling=\"no\"><\/iframe><\/p>\n<p>&nbsp;<\/p>\n","protected":false},"excerpt":{"rendered":"<p>Retrouvez toutes nos machines sur cette page ! Merlo Roto 30.16 EV Merlo Roto 45.21KSC &nbsp;<\/p>\n","protected":false},"author":1,"featured_media":0,"parent":0,"menu_order":0,"comment_status":"closed","ping_status":"closed","template":"","meta":{"_monsterinsights_skip_tracking":false,"_monsterinsights_sitenote_active":false,"_monsterinsights_sitenote_note":"","_monsterinsights_sitenote_category":0,"spay_email":""},"jetpack_sharing_enabled":true,"jetpack_shortlink":"https:\/\/wp.me\/P9qk0U-N","jetpack_likes_enabled":true,"jetpack-related-posts":[{"id":135,"url":"https:\/\/www.durants.eu\/index.php\/a-propos-2\/","url_meta":{"origin":49,"position":0},"title":"A propos","date":"28\/11\/2017","format":false,"excerpt":"Notre soci\u00e9t\u00e9 est sp\u00e9cialis\u00e9e dans l\u2019import export de machines de g\u00e9nie civil et principalement dirig\u00e9e vers le march\u00e9 des grues t\u00e9lescopiques sur chenilles, des chariots t\u00e9lescopiques rotatifs, des tracteurs avec grues arri\u00e8res, cabines et des portes-engins. Notre savoir-faire Notre s\u00e9lection de machines s'effectue dans les moindres d\u00e9tails afin d\u2019assurer un\u2026","rel":"","context":"Article similaire","img":{"alt_text":"","src":"","width":0,"height":0},"classes":[]},{"id":234,"url":"https:\/\/www.durants.eu\/index.php\/offres-demploi\/","url_meta":{"origin":49,"position":1},"title":"Offres d'emploi","date":"01\/12\/2017","format":false,"excerpt":"Nous recherchons : http:\/\/www.durants.eu\/index.php\/2017\/12\/01\/conducteur-dengins\/ http:\/\/www.durants.eu\/index.php\/2017\/12\/01\/mecanicien-en-camion-et-genie-civil\/","rel":"","context":"Article similaire","img":{"alt_text":"","src":"","width":0,"height":0},"classes":[]},{"id":46,"url":"https:\/\/www.durants.eu\/","url_meta":{"origin":49,"position":2},"title":"Accueil","date":"28\/11\/2017","format":false,"excerpt":"","rel":"","context":"Article similaire","img":{"alt_text":"","src":"","width":0,"height":0},"classes":[]},{"id":48,"url":"https:\/\/www.durants.eu\/index.php\/contact\/","url_meta":{"origin":49,"position":3},"title":"Contact","date":"28\/11\/2017","format":false,"excerpt":"","rel":"","context":"Article similaire","img":{"alt_text":"","src":"","width":0,"height":0},"classes":[]},{"id":69,"url":"https:\/\/www.durants.eu\/index.php\/nous-achetons\/","url_meta":{"origin":49,"position":4},"title":"Nous achetons","date":"28\/11\/2017","format":false,"excerpt":"Vous avez une machine a vendre, envoyez nous une br\u00e8ve description, nous vous recontacterons : \u00a0","rel":"","context":"Article similaire","img":{"alt_text":"","src":"","width":0,"height":0},"classes":[]}],"_links":{"self":[{"href":"https:\/\/www.durants.eu\/index.php\/wp-json\/wp\/v2\/pages\/49"}],"collection":[{"href":"https:\/\/www.durants.eu\/index.php\/wp-json\/wp\/v2\/pages"}],"about":[{"href":"https:\/\/www.durants.eu\/index.php\/wp-json\/wp\/v2\/types\/page"}],"author":[{"embeddable":true,"href":"https:\/\/www.durants.eu\/index.php\/wp-json\/wp\/v2\/users\/1"}],"replies":[{"embeddable":true,"href":"https:\/\/www.durants.eu\/index.php\/wp-json\/wp\/v2\/comments?post=49"}],"version-history":[{"count":7,"href":"https:\/\/www.durants.eu\/index.php\/wp-json\/wp\/v2\/pages\/49\/revisions"}],"predecessor-version":[{"id":327,"href":"https:\/\/www.durants.eu\/index.php\/wp-json\/wp\/v2\/pages\/49\/revisions\/327"}],"wp:attachment":[{"href":"https:\/\/www.durants.eu\/index.php\/wp-json\/wp\/v2\/media?parent=49"}],"curies":[{"name":"wp","href":"https:\/\/api.w.org\/{rel}","templated":true}]}}