
{"id":234,"date":"2017-12-01T10:02:40","date_gmt":"2017-12-01T09:02:40","guid":{"rendered":"http:\/\/durants.eu\/?page_id=234"},"modified":"2017-12-15T10:20:15","modified_gmt":"2017-12-15T09:20:15","slug":"offres-demploi","status":"publish","type":"page","link":"https:\/\/www.durants.eu\/index.php\/offres-demploi\/","title":{"rendered":"Offres d&#8217;emploi"},"content":{"rendered":"<p>Nous recherchons :<\/p>\n<blockquote class=\"wp-embedded-content\" data-secret=\"YKhhSuJfNO\"><p><a href=\"http:\/\/www.durants.eu\/index.php\/2017\/12\/01\/conducteur-dengins\/\">Conducteur d\u2019engins<\/a><\/p><\/blockquote>\n<p><iframe class=\"wp-embedded-content\" sandbox=\"allow-scripts\" security=\"restricted\" style=\"position: absolute; clip: rect(1px, 1px, 1px, 1px);\" src=\"http:\/\/www.durants.eu\/index.php\/2017\/12\/01\/conducteur-dengins\/embed\/#?secret=YKhhSuJfNO\" data-secret=\"YKhhSuJfNO\" width=\"600\" height=\"338\" title=\"\u00ab\u00a0Conducteur d\u2019engins\u00a0\u00bb &#8212; \" frameborder=\"0\" marginwidth=\"0\" marginheight=\"0\" scrolling=\"no\"><\/iframe><\/p>\n<blockquote class=\"wp-embedded-content\" data-secret=\"TR0pR7Tqvh\"><p><a href=\"http:\/\/www.durants.eu\/index.php\/2017\/12\/01\/mecanicien-en-camion-et-genie-civil\/\">M\u00e9canicien en camion et g\u00e9nie civil<\/a><\/p><\/blockquote>\n<p><iframe class=\"wp-embedded-content\" sandbox=\"allow-scripts\" security=\"restricted\" style=\"position: absolute; clip: rect(1px, 1px, 1px, 1px);\" src=\"http:\/\/www.durants.eu\/index.php\/2017\/12\/01\/mecanicien-en-camion-et-genie-civil\/embed\/#?secret=TR0pR7Tqvh\" data-secret=\"TR0pR7Tqvh\" width=\"600\" height=\"338\" title=\"\u00ab\u00a0M\u00e9canicien en camion et g\u00e9nie civil\u00a0\u00bb &#8212; \" frameborder=\"0\" marginwidth=\"0\" marginheight=\"0\" scrolling=\"no\"><\/iframe><\/p>\n","protected":false},"excerpt":{"rendered":"<p>Nous recherchons : Conducteur d\u2019engins M\u00e9canicien en camion et g\u00e9nie civil<\/p>\n","protected":false},"author":1,"featured_media":0,"parent":0,"menu_order":0,"comment_status":"closed","ping_status":"closed","template":"","meta":{"_monsterinsights_skip_tracking":false,"_monsterinsights_sitenote_active":false,"_monsterinsights_sitenote_note":"","_monsterinsights_sitenote_category":0,"spay_email":""},"jetpack_sharing_enabled":true,"jetpack_shortlink":"https:\/\/wp.me\/P9qk0U-3M","jetpack_likes_enabled":true,"jetpack-related-posts":[{"id":49,"url":"https:\/\/www.durants.eu\/index.php\/nos-machines\/","url_meta":{"origin":234,"position":0},"title":"Nos machines","date":"28\/11\/2017","format":false,"excerpt":"Retrouvez toutes nos machines sur cette page ! http:\/\/www.durants.eu\/index.php\/2017\/11\/28\/merlo-roto-30-16-ev\/ http:\/\/www.durants.eu\/index.php\/2017\/11\/28\/merlo-roto-45-21ksc\/ \u00a0","rel":"","context":"Article similaire","img":{"alt_text":"","src":"","width":0,"height":0},"classes":[]},{"id":46,"url":"https:\/\/www.durants.eu\/","url_meta":{"origin":234,"position":1},"title":"Accueil","date":"28\/11\/2017","format":false,"excerpt":"","rel":"","context":"Article similaire","img":{"alt_text":"","src":"","width":0,"height":0},"classes":[]},{"id":48,"url":"https:\/\/www.durants.eu\/index.php\/contact\/","url_meta":{"origin":234,"position":2},"title":"Contact","date":"28\/11\/2017","format":false,"excerpt":"","rel":"","context":"Article similaire","img":{"alt_text":"","src":"","width":0,"height":0},"classes":[]},{"id":69,"url":"https:\/\/www.durants.eu\/index.php\/nous-achetons\/","url_meta":{"origin":234,"position":3},"title":"Nous achetons","date":"28\/11\/2017","format":false,"excerpt":"Vous avez une machine a vendre, envoyez nous une br\u00e8ve description, nous vous recontacterons : \u00a0","rel":"","context":"Article similaire","img":{"alt_text":"","src":"","width":0,"height":0},"classes":[]},{"id":135,"url":"https:\/\/www.durants.eu\/index.php\/a-propos-2\/","url_meta":{"origin":234,"position":4},"title":"A propos","date":"28\/11\/2017","format":false,"excerpt":"Notre soci\u00e9t\u00e9 est sp\u00e9cialis\u00e9e dans l\u2019import export de machines de g\u00e9nie civil et principalement dirig\u00e9e vers le march\u00e9 des grues t\u00e9lescopiques sur chenilles, des chariots t\u00e9lescopiques rotatifs, des tracteurs avec grues arri\u00e8res, cabines et des portes-engins. Notre savoir-faire Notre s\u00e9lection de machines s'effectue dans les moindres d\u00e9tails afin d\u2019assurer un\u2026","rel":"","context":"Article similaire","img":{"alt_text":"","src":"","width":0,"height":0},"classes":[]}],"_links":{"self":[{"href":"https:\/\/www.durants.eu\/index.php\/wp-json\/wp\/v2\/pages\/234"}],"collection":[{"href":"https:\/\/www.durants.eu\/index.php\/wp-json\/wp\/v2\/pages"}],"about":[{"href":"https:\/\/www.durants.eu\/index.php\/wp-json\/wp\/v2\/types\/page"}],"author":[{"embeddable":true,"href":"https:\/\/www.durants.eu\/index.php\/wp-json\/wp\/v2\/users\/1"}],"replies":[{"embeddable":true,"href":"https:\/\/www.durants.eu\/index.php\/wp-json\/wp\/v2\/comments?post=234"}],"version-history":[{"count":9,"href":"https:\/\/www.durants.eu\/index.php\/wp-json\/wp\/v2\/pages\/234\/revisions"}],"predecessor-version":[{"id":323,"href":"https:\/\/www.durants.eu\/index.php\/wp-json\/wp\/v2\/pages\/234\/revisions\/323"}],"wp:attachment":[{"href":"https:\/\/www.durants.eu\/index.php\/wp-json\/wp\/v2\/media?parent=234"}],"curies":[{"name":"wp","href":"https:\/\/api.w.org\/{rel}","templated":true}]}}