
{"id":135,"date":"2017-11-28T17:15:32","date_gmt":"2017-11-28T16:15:32","guid":{"rendered":"http:\/\/durants.eu\/?page_id=135"},"modified":"2017-12-15T10:07:37","modified_gmt":"2017-12-15T09:07:37","slug":"a-propos-2","status":"publish","type":"page","link":"https:\/\/www.durants.eu\/index.php\/a-propos-2\/","title":{"rendered":"A propos"},"content":{"rendered":"<p>Notre soci\u00e9t\u00e9 est sp\u00e9cialis\u00e9e dans l\u2019import export de machines de g\u00e9nie civil et principalement dirig\u00e9e vers le march\u00e9 des grues t\u00e9lescopiques sur chenilles, des chariots t\u00e9lescopiques rotatifs, des tracteurs avec grues arri\u00e8res, cabines et des portes-engins.<\/p>\n<p><span style=\"color: #993300;\"><strong>Notre savoir-faire<\/strong><\/span><\/p>\n<p>Notre s\u00e9lection de machines s&rsquo;effectue dans les moindres d\u00e9tails afin d\u2019assurer un service rendu des meilleurs au client.<\/p>\n<p>Pour ce faire, nos \u00e9quipes v\u00e9rifient avec soin la qualit\u00e9, l\u2019\u00e9tat g\u00e9n\u00e9ral et l\u2019entretien de toutes les machines qui entrent dans nos ateliers.<\/p>\n<p>Nous effectuons une remise en \u00e9tat compl\u00e8te de toutes les machines et assurons la qualit\u00e9 de notre travail \u00e0 long terme.<\/p>\n<p>Nous travaillons avec les plus grandes marques actives dans ce secteur telles que Merlo, Manitou, Terex, Sennebogen, \u2026<\/p>\n<p><span style=\"color: #993300;\"><strong>Location<\/strong><\/span><\/p>\n<p>Notre soci\u00e9t\u00e9 propose \u00e9galement une solution de location de nos machines \u00e0 court, moyen et long terme.<\/p>\n<p>Nous pouvons vous offrir, \u00e0 des conditions toujours plus favorables, la meilleure solution personnalis\u00e9e \u00e0 chaque exigence.<\/p>\n<p>Nous disposons d\u2019un personnel comp\u00e9tent permettant la r\u00e9alisation de tous types de travaux de levage, de placement, de montage, \u2026<\/p>\n<p>N\u2019h\u00e9sitez pas \u00e0 nous <a href=\"http:\/\/www.durants.eu\/index.php\/contact\/\">contacter<\/a> pour nous soumettre votre demande.<\/p>\n<div id=\"n2-ss-2-align\" class=\"n2-ss-align\"><div class=\"n2-padding\"><div id=\"n2-ss-2\" data-creator=\"Smart Slider 3\" class=\"n2-ss-slider n2-ow n2-has-hover n2notransition n2-ss-load-fade \" data-minFontSizedesktopPortrait=\"4\" data-minFontSizedesktopLandscape=\"4\" data-minFontSizetabletPortrait=\"4\" data-minFontSizetabletLandscape=\"4\" data-minFontSizemobilePortrait=\"4\" data-minFontSizemobileLandscape=\"4\" style=\"font-size: 16px;\" data-fontsize=\"16\">\r\n\r\r\n        <div class=\"n2-ss-slider-1 n2-ss-swipe-element n2-ow\" style=\"\">\r\r\n            \r\n            <div class=\"n2-ss-slider-2 n2-ow\">\r\r\n                \r\n                    <div class=\"n2-ss-background-animation n2-ow\"><\/div>\r\r\n                \r\n                <div class=\"n2-ss-slider-3 n2-ow\" style=\"\">\r\r\n\r\r\n                    <div class=\"n2-ss-slide-backgrounds\"><\/div><div data-first=\"1\" data-slide-duration=\"0\" data-id=\"4\" class=\"n2-ss-slide n2-ss-canvas n2-ow  n2-ss-slide-4\" style=\"\"><div data-hash=\"39123523b4fe0b1efef53479dafb1b09\" data-desktop=\"\/\/www.durants.eu\/wp-content\/uploads\/resized\/10d9fe81421ebe53ede8074e064b2b52\/Merlo-Roto30.jpg\" class=\"n2-ss-slide-background n2-ow\" data-opacity=\"1\" data-blur=\"0\" data-mode=\"fit\" data-x=\"50\" data-y=\"50\"><div class=\"n2-ss-slide-background-mask\" style=\"\"><img title=\"\" src=\"https:\/\/i2.wp.com\/www.durants.eu\/wp-content\/uploads\/resized\/10d9fe81421ebe53ede8074e064b2b52\/Merlo-Roto30.jpg?w=1140\" alt=\"\" data-recalc-dims=\"1\" \/><\/div><\/div><div class=\"n2-ss-layers-container n2-ow\" data-csstextalign=\"center\" style=\"\"><\/div><\/div><div data-slide-duration=\"0\" data-id=\"5\" class=\"n2-ss-slide n2-ss-canvas n2-ow  n2-ss-slide-5\" style=\"\"><div data-hash=\"0c5efac5df626da1eada8a145811149b\" data-desktop=\"\/\/www.durants.eu\/wp-content\/uploads\/resized\/36af3c8bdd3222d48e5a6c785ecae9ba\/Merlo-Roto.jpg\" class=\"n2-ss-slide-background n2-ow\" data-opacity=\"1\" data-blur=\"0\" data-mode=\"fit\" data-x=\"50\" data-y=\"50\"><div class=\"n2-ss-slide-background-mask\" style=\"\"><img title=\"\" src=\"https:\/\/i1.wp.com\/www.durants.eu\/wp-content\/uploads\/resized\/36af3c8bdd3222d48e5a6c785ecae9ba\/Merlo-Roto.jpg?w=1140\" alt=\"\" data-recalc-dims=\"1\" \/><\/div><\/div><div class=\"n2-ss-layers-container n2-ow\" data-csstextalign=\"center\" style=\"\"><\/div><\/div><div data-slide-duration=\"0\" data-id=\"6\" class=\"n2-ss-slide n2-ss-canvas n2-ow  n2-ss-slide-6\" style=\"\"><div data-hash=\"b4ab8d7b26a1db29cb8d56c4f25b2f04\" data-desktop=\"\/\/www.durants.eu\/wp-content\/uploads\/resized\/8729ff8be35c179aa511dec5cbbf2b4f\/DSC00244.jpg\" class=\"n2-ss-slide-background n2-ow\" data-opacity=\"1\" data-blur=\"0\" data-mode=\"fit\" data-x=\"50\" data-y=\"50\"><div class=\"n2-ss-slide-background-mask\" style=\"\"><img title=\"\" src=\"https:\/\/i1.wp.com\/www.durants.eu\/wp-content\/uploads\/resized\/8729ff8be35c179aa511dec5cbbf2b4f\/DSC00244.jpg?w=1140\" alt=\"\" data-recalc-dims=\"1\" \/><\/div><\/div><div class=\"n2-ss-layers-container n2-ow\" data-csstextalign=\"center\" style=\"\"><\/div><\/div><div data-slide-duration=\"0\" data-id=\"7\" class=\"n2-ss-slide n2-ss-canvas n2-ow  n2-ss-slide-7\" style=\"\"><div data-hash=\"6635cdc22c94320bfa136c7ad75085d7\" data-desktop=\"\/\/www.durants.eu\/wp-content\/uploads\/resized\/6894c4bd708ede134d718fb6f0bd75ed\/DSC00242.jpg\" class=\"n2-ss-slide-background n2-ow\" data-opacity=\"1\" data-blur=\"0\" data-mode=\"fit\" data-x=\"50\" data-y=\"50\"><div class=\"n2-ss-slide-background-mask\" style=\"\"><img title=\"\" src=\"https:\/\/i2.wp.com\/www.durants.eu\/wp-content\/uploads\/resized\/6894c4bd708ede134d718fb6f0bd75ed\/DSC00242.jpg?w=1140\" alt=\"\" data-recalc-dims=\"1\" \/><\/div><\/div><div class=\"n2-ss-layers-container n2-ow\" data-csstextalign=\"center\" style=\"\"><\/div><\/div><div data-slide-duration=\"0\" data-id=\"8\" class=\"n2-ss-slide n2-ss-canvas n2-ow  n2-ss-slide-8\" style=\"\"><div data-hash=\"85f9e4f940fdd541bcb7369dac8a65e7\" data-desktop=\"\/\/www.durants.eu\/wp-content\/uploads\/resized\/4cd8b0c7bbd0c2ca9f8b1848b9dfc0e8\/DSC00284-Copie.jpg\" class=\"n2-ss-slide-background n2-ow\" data-opacity=\"1\" data-blur=\"0\" data-mode=\"fit\" data-x=\"50\" data-y=\"50\"><div class=\"n2-ss-slide-background-mask\" style=\"\"><img title=\"\" src=\"https:\/\/i2.wp.com\/www.durants.eu\/wp-content\/uploads\/resized\/4cd8b0c7bbd0c2ca9f8b1848b9dfc0e8\/DSC00284-Copie.jpg?w=1140\" alt=\"\" data-recalc-dims=\"1\" \/><\/div><\/div><div class=\"n2-ss-layers-container n2-ow\" data-csstextalign=\"center\" style=\"\"><\/div><\/div><div data-slide-duration=\"0\" data-id=\"9\" class=\"n2-ss-slide n2-ss-canvas n2-ow  n2-ss-slide-9\" style=\"\"><div data-hash=\"279e723862308ce49d334b0d1b32a64b\" data-desktop=\"\/\/www.durants.eu\/wp-content\/uploads\/resized\/46d225ffad9e7d384a888da35dfc76b1\/IMG_1388_small1.jpg\" class=\"n2-ss-slide-background n2-ow\" data-opacity=\"1\" data-blur=\"0\" data-mode=\"fit\" data-x=\"50\" data-y=\"50\"><div class=\"n2-ss-slide-background-mask\" style=\"\"><img title=\"\" src=\"https:\/\/i2.wp.com\/www.durants.eu\/wp-content\/uploads\/resized\/46d225ffad9e7d384a888da35dfc76b1\/IMG_1388_small1.jpg?w=1140\" alt=\"\" data-recalc-dims=\"1\" \/><\/div><\/div><div class=\"n2-ss-layers-container n2-ow\" data-csstextalign=\"center\" style=\"\"><\/div><\/div><div data-slide-duration=\"0\" data-id=\"10\" class=\"n2-ss-slide n2-ss-canvas n2-ow  n2-ss-slide-10\" style=\"\"><div data-hash=\"271af3c59bb46bde0ba7a642fa71655f\" data-desktop=\"\/\/www.durants.eu\/wp-content\/uploads\/resized\/42a7353a10702603d1992615de27637e\/DSC00279-Copie.jpg\" class=\"n2-ss-slide-background n2-ow\" data-opacity=\"1\" data-blur=\"0\" data-mode=\"fit\" data-x=\"50\" data-y=\"50\"><div class=\"n2-ss-slide-background-mask\" style=\"\"><img title=\"\" src=\"https:\/\/i0.wp.com\/www.durants.eu\/wp-content\/uploads\/resized\/42a7353a10702603d1992615de27637e\/DSC00279-Copie.jpg?w=1140\" alt=\"\" data-recalc-dims=\"1\" \/><\/div><\/div><div class=\"n2-ss-layers-container n2-ow\" data-csstextalign=\"center\" style=\"\"><\/div><\/div><div data-slide-duration=\"0\" data-id=\"11\" class=\"n2-ss-slide n2-ss-canvas n2-ow  n2-ss-slide-11\" style=\"\"><div data-hash=\"b7163686fc56056f7bbf5c805e1cb344\" data-desktop=\"\/\/www.durants.eu\/wp-content\/uploads\/resized\/aaaa7b4ed9d41c812c42ab2c36cf00f5\/DSC00278-Copie.jpg\" class=\"n2-ss-slide-background n2-ow\" data-opacity=\"1\" data-blur=\"0\" data-mode=\"fit\" data-x=\"50\" data-y=\"50\"><div class=\"n2-ss-slide-background-mask\" style=\"\"><img title=\"\" src=\"https:\/\/i0.wp.com\/www.durants.eu\/wp-content\/uploads\/resized\/aaaa7b4ed9d41c812c42ab2c36cf00f5\/DSC00278-Copie.jpg?w=1140\" alt=\"\" data-recalc-dims=\"1\" \/><\/div><\/div><div class=\"n2-ss-layers-container n2-ow\" data-csstextalign=\"center\" style=\"\"><\/div><\/div><div data-slide-duration=\"0\" data-id=\"12\" class=\"n2-ss-slide n2-ss-canvas n2-ow  n2-ss-slide-12\" style=\"\"><div data-hash=\"d82f2cc5b33292f7faba14d4659e4116\" data-desktop=\"\/\/www.durants.eu\/wp-content\/uploads\/resized\/3fa5bd5b6b0e0497de2c9541beff8cf4\/durants.png\" class=\"n2-ss-slide-background n2-ow\" data-opacity=\"1\" data-blur=\"0\" data-mode=\"fit\" data-x=\"50\" data-y=\"50\"><div class=\"n2-ss-slide-background-mask\" style=\"\"><img title=\"\" src=\"https:\/\/i1.wp.com\/www.durants.eu\/wp-content\/uploads\/resized\/3fa5bd5b6b0e0497de2c9541beff8cf4\/durants.png?w=1140\" alt=\"\" data-recalc-dims=\"1\" \/><\/div><\/div><div class=\"n2-ss-layers-container n2-ow\" data-csstextalign=\"center\" style=\"\"><\/div><\/div>\r\n                <\/div>\r\r\n            <\/div>\r\r\n            <div data-ssleft=\"0+15\" data-sstop=\"height\/2-previousheight\/2\" id=\"n2-ss-2-arrow-previous\" class=\"n2-ss-widget n2-ss-widget-display-desktop n2-ss-widget-display-tablet n2-ss-widget-display-mobile n2-ss-widget-display-hover n2-style-7de26c77d0c2910a7e639ae64ddbeedc-heading nextend-arrow n2-ow nextend-arrow-previous  nextend-arrow-animated-fade n2-ib\" style=\"position: absolute;\" role=\"button\" aria-label=\"Previous slide\" tabindex=\"0\"><img class=\"n2-ow\" data-no-lazy=\"1\" data-hack=\"data-lazy-src\" src=\"data:image\/svg+xml;base64,PHN2ZyB4bWxucz0iaHR0cDovL3d3dy53My5vcmcvMjAwMC9zdmciIHdpZHRoPSIzMiIgaGVpZ2h0PSIzMiIgdmlld0JveD0iMCAwIDMyIDMyIj48cGF0aCBmaWxsPSIjZmZmZmZmIiBvcGFjaXR5PSIwLjgiIGZpbGwtcnVsZT0iZXZlbm9kZCIgZD0iTTE4Ljk5NTggOC45OTA3YzAtLjQyNC0uMjA0LS43MjMtLjYxLS44OTgtLjQwOS0uMTczLS43NzItLjEwNC0xLjA5My4yMDlsLTcuMDA2IDYuOTc1Yy0uMjAxLjE5OS0uMjk3LjQzNy0uMjg2LjcxNiAwIC4yNjcuMDk2LjQ5OC4yODYuNjg5bDcuMDA2IDcuMDAxYy4zMjEuMzIxLjY4NC4zODkgMS4wOTMuMjA5LjQwNi0uMTc0LjYxLS40ODIuNjEtLjkyMlY4Ljk5MDd6Ii8+PC9zdmc+\" alt=\"Arrow\" \/><\/div>\n<div data-ssright=\"0+15\" data-sstop=\"height\/2-nextheight\/2\" id=\"n2-ss-2-arrow-next\" class=\"n2-ss-widget n2-ss-widget-display-desktop n2-ss-widget-display-tablet n2-ss-widget-display-mobile n2-ss-widget-display-hover n2-style-7de26c77d0c2910a7e639ae64ddbeedc-heading nextend-arrow n2-ow nextend-arrow-next  nextend-arrow-animated-fade n2-ib\" style=\"position: absolute;\" role=\"button\" aria-label=\"Next slide\" tabindex=\"0\"><img class=\"n2-ow\" data-no-lazy=\"1\" data-hack=\"data-lazy-src\" src=\"data:image\/svg+xml;base64,PHN2ZyB3aWR0aD0iMzIiIGhlaWdodD0iMzIiIHZpZXdCb3g9IjAgMCAzMiAzMiIgeG1sbnM9Imh0dHA6Ly93d3cudzMub3JnLzIwMDAvc3ZnIj48cGF0aCBkPSJNMTIgOC45OWMwLS40MjMuMjA0LS43MjIuNjEtLjg5Ny40MDgtLjE3My43NzItLjEwNCAxLjA5Mi4yMWw3LjAwNiA2Ljk3NGMuMjAyLjIuMjk4LjQzNy4yODcuNzE2IDAgLjI2Ny0uMDk2LjQ5OC0uMjg3LjY5bC03LjAwNiA3Yy0uMzIuMzItLjY4NC4zOS0xLjA5Mi4yMS0uNDA2LS4xNzUtLjYxLS40ODMtLjYxLS45MjNWOC45OXoiIGZpbGw9IiNmZmZmZmYiIG9wYWNpdHk9IjAuOCIgZmlsbC1ydWxlPSJldmVub2RkIi8+PC9zdmc+\" alt=\"Arrow\" \/><\/div>\n<div data-ssright=\"0+15\" data-sstop=\"0+15\" class=\"n2-ss-widget n2-ss-widget-display-desktop n2-ss-widget-display-tablet n2-ss-widget-display-mobile n2-style-07b80f0c82484b6d6258ed0a5cead109-heading nextend-autoplay n2-ow nextend-autoplay-imagen2-ib\" style=\"position: absolute;\" role=\"button\" aria-label=\"Pause autoplay\"><img class=\"nextend-autoplay-play n2-ow\" data-no-lazy=\"1\" tabindex=\"0\" src=\"data:image\/svg+xml;base64,PHN2ZyB3aWR0aD0iMTYiIGhlaWdodD0iMTYiIHZpZXdCb3g9IjAgMCAxNiAxNiIgeG1sbnM9Imh0dHA6Ly93d3cudzMub3JnLzIwMDAvc3ZnIj48cGF0aCBkPSJNMTEuNTggNy4wM0w1LjMwMiAyLjE2NUM1LjE2NSAyLjA1NyA1LjAxNiAyIDQuODU3IDIgNC4zODQgMiA0IDIuNTA0IDQgMy4xMjV2OS43NWMwIC42Mi4zODQgMS4xMjUuODU3IDEuMTI1LjE2IDAgLjMwOC0uMDU3LjQzNi0uMTU2TDExLjU4IDguOTdjLjI1LS4xOTguNDItLjU1OC40Mi0uOTcgMC0uNDEyLS4xNy0uNzczLS40Mi0uOTd6IiBmaWxsPSIjZmZmZmZmIiBvcGFjaXR5PSIwLjgiIGZpbGwtcnVsZT0iZXZlbm9kZCIvPjwvc3ZnPg==\" alt=\"Play\" \/><img class=\"nextend-autoplay-pause n2-ow\" data-no-lazy=\"1\" tabindex=\"0\" src=\"data:image\/svg+xml;base64,PHN2ZyB3aWR0aD0iMTYiIGhlaWdodD0iMTYiIHZpZXdCb3g9IjAgMCAxNiAxNiIgeG1sbnM9Imh0dHA6Ly93d3cudzMub3JnLzIwMDAvc3ZnIj48cGF0aCBkPSJNNCAydjEyaDNWMkg0em01IDB2MTJoM1YySDl6IiBmaWxsPSIjZmZmZmZmIiBvcGFjaXR5PSIwLjgiIGZpbGwtcnVsZT0iZXZlbm9kZCIvPjwvc3ZnPg==\" alt=\"Pause\" \/><\/div>\n\r\n        <\/div>\r\r\n        <div class=\"n2-ss-widget n2-ss-widget-display-desktop n2-ss-widget-display-tablet n2-ss-widget-display-mobile nextend-shadow n2-ow\" style=\"margin-top:0px;width:100%;\"><img style=\"display: block; width:100%;max-width:none;\" class=\"n2-ow nextend-shadow-image\" data-no-lazy=\"1\" data-hack=\"data-lazy-src\" src=\"https:\/\/i0.wp.com\/www.durants.eu\/wp-content\/plugins\/smart-slider-3\/library\/media\/plugins\/widgetshadow\/shadow\/shadow\/shadow\/float.png?w=1140\" alt=\"Shadow\" data-recalc-dims=\"1\" \/><\/div>\n<\/div><div class=\"n2-clear\"><\/div><div id=\"n2-ss-2-spinner\" style=\"display: none;\"><div><div class=\"n2-ss-spinner-simple-white-container\"><div class=\"n2-ss-spinner-simple-white\"><\/div><\/div><\/div><\/div><\/div><\/div><div id=\"n2-ss-2-placeholder\" style=\"position: relative;z-index:2;color:RGBA(0,0,0,0);\"><img style=\"width: 100%; max-width:3000px; display: block;\" class=\"n2-ow\" src=\"data:image\/svg+xml;base64,PHN2ZyB4bWxucz0iaHR0cDovL3d3dy53My5vcmcvMjAwMC9zdmciIHZlcnNpb249IjEuMCIgd2lkdGg9IjgwMCIgaGVpZ2h0PSI1MDAiID48L3N2Zz4=\" alt=\"Slider\" \/><\/div>\n","protected":false},"excerpt":{"rendered":"<p>Notre soci\u00e9t\u00e9 est sp\u00e9cialis\u00e9e dans l\u2019import export de machines de g\u00e9nie civil et principalement dirig\u00e9e vers le march\u00e9 des grues t\u00e9lescopiques sur chenilles, des chariots t\u00e9lescopiques rotatifs, des tracteurs avec [&hellip;]<\/p>\n","protected":false},"author":1,"featured_media":0,"parent":0,"menu_order":0,"comment_status":"closed","ping_status":"closed","template":"","meta":{"_monsterinsights_skip_tracking":false,"_monsterinsights_sitenote_active":false,"_monsterinsights_sitenote_note":"","_monsterinsights_sitenote_category":0,"spay_email":""},"jetpack_sharing_enabled":true,"jetpack_shortlink":"https:\/\/wp.me\/P9qk0U-2b","jetpack_likes_enabled":true,"jetpack-related-posts":[{"id":49,"url":"https:\/\/www.durants.eu\/index.php\/nos-machines\/","url_meta":{"origin":135,"position":0},"title":"Nos machines","date":"28\/11\/2017","format":false,"excerpt":"Retrouvez toutes nos machines sur cette page ! http:\/\/www.durants.eu\/index.php\/2017\/11\/28\/merlo-roto-30-16-ev\/ http:\/\/www.durants.eu\/index.php\/2017\/11\/28\/merlo-roto-45-21ksc\/ \u00a0","rel":"","context":"Article similaire","img":{"alt_text":"","src":"","width":0,"height":0},"classes":[]}],"_links":{"self":[{"href":"https:\/\/www.durants.eu\/index.php\/wp-json\/wp\/v2\/pages\/135"}],"collection":[{"href":"https:\/\/www.durants.eu\/index.php\/wp-json\/wp\/v2\/pages"}],"about":[{"href":"https:\/\/www.durants.eu\/index.php\/wp-json\/wp\/v2\/types\/page"}],"author":[{"embeddable":true,"href":"https:\/\/www.durants.eu\/index.php\/wp-json\/wp\/v2\/users\/1"}],"replies":[{"embeddable":true,"href":"https:\/\/www.durants.eu\/index.php\/wp-json\/wp\/v2\/comments?post=135"}],"version-history":[{"count":6,"href":"https:\/\/www.durants.eu\/index.php\/wp-json\/wp\/v2\/pages\/135\/revisions"}],"predecessor-version":[{"id":329,"href":"https:\/\/www.durants.eu\/index.php\/wp-json\/wp\/v2\/pages\/135\/revisions\/329"}],"wp:attachment":[{"href":"https:\/\/www.durants.eu\/index.php\/wp-json\/wp\/v2\/media?parent=135"}],"curies":[{"name":"wp","href":"https:\/\/api.w.org\/{rel}","templated":true}]}}